{"id":103,"date":"2025-04-09T14:55:21","date_gmt":"2025-04-09T12:55:21","guid":{"rendered":"https:\/\/lesecoleslibresdelaparoissesaintvincent.be\/?page_id=103"},"modified":"2025-05-30T11:17:17","modified_gmt":"2025-05-30T09:17:17","slug":"calendrier-de-lannee-sainte-therese","status":"publish","type":"page","link":"https:\/\/lesecoleslibresdelaparoissesaintvincent.be\/index.php\/calendrier-de-lannee-sainte-therese\/","title":{"rendered":"Calendrier de l&rsquo;ann\u00e9e &#8211; Sainte-Th\u00e9r\u00e8se"},"content":{"rendered":"\t\t<div data-elementor-type=\"wp-page\" data-elementor-id=\"103\" class=\"elementor elementor-103\">\n\t\t\t\t<div class=\"elementor-element elementor-element-dca5552 e-flex e-con-boxed wpr-particle-no wpr-jarallax-no wpr-parallax-no wpr-sticky-section-no e-con e-parent\" data-id=\"dca5552\" data-element_type=\"container\">\n\t\t\t\t\t<div class=\"e-con-inner\">\n\t\t\t\t<div class=\"elementor-element elementor-element-ac63c55 elementor-widget elementor-widget-image\" data-id=\"ac63c55\" data-element_type=\"widget\" data-widget_type=\"image.default\">\n\t\t\t\t<div class=\"elementor-widget-container\">\n\t\t\t\t\t\t\t\t\t\t\t\t\t\t\t<img decoding=\"async\" src=\"https:\/\/school.coddygames.com\/documents\/calendars\/2025-2026\/wallonie-bruxelles.pdf\" title=\"\" alt=\"\" loading=\"lazy\" \/>\t\t\t\t\t\t\t\t\t\t\t\t\t\t\t<\/div>\n\t\t\t\t<\/div>\n\t\t\t\t\t<\/div>\n\t\t\t\t<\/div>\n\t\t\t\t<\/div>\n\t\t","protected":false},"excerpt":{"rendered":"","protected":false},"author":1,"featured_media":0,"parent":0,"menu_order":0,"comment_status":"closed","ping_status":"closed","template":"","meta":{"footnotes":""},"class_list":["post-103","page","type-page","status-publish","hentry","nodate","item-wrap"],"_links":{"self":[{"href":"https:\/\/lesecoleslibresdelaparoissesaintvincent.be\/index.php\/wp-json\/wp\/v2\/pages\/103","targetHints":{"allow":["GET"]}}],"collection":[{"href":"https:\/\/lesecoleslibresdelaparoissesaintvincent.be\/index.php\/wp-json\/wp\/v2\/pages"}],"about":[{"href":"https:\/\/lesecoleslibresdelaparoissesaintvincent.be\/index.php\/wp-json\/wp\/v2\/types\/page"}],"author":[{"embeddable":true,"href":"https:\/\/lesecoleslibresdelaparoissesaintvincent.be\/index.php\/wp-json\/wp\/v2\/users\/1"}],"replies":[{"embeddable":true,"href":"https:\/\/lesecoleslibresdelaparoissesaintvincent.be\/index.php\/wp-json\/wp\/v2\/comments?post=103"}],"version-history":[{"count":4,"href":"https:\/\/lesecoleslibresdelaparoissesaintvincent.be\/index.php\/wp-json\/wp\/v2\/pages\/103\/revisions"}],"predecessor-version":[{"id":235,"href":"https:\/\/lesecoleslibresdelaparoissesaintvincent.be\/index.php\/wp-json\/wp\/v2\/pages\/103\/revisions\/235"}],"wp:attachment":[{"href":"https:\/\/lesecoleslibresdelaparoissesaintvincent.be\/index.php\/wp-json\/wp\/v2\/media?parent=103"}],"curies":[{"name":"wp","href":"https:\/\/api.w.org\/{rel}","templated":true}]}}