{"id":23,"date":"2025-04-09T14:13:42","date_gmt":"2025-04-09T12:13:42","guid":{"rendered":"https:\/\/lesecoleslibresdelaparoissesaintvincent.be\/?page_id=23"},"modified":"2025-04-09T20:43:37","modified_gmt":"2025-04-09T18:43:37","slug":"sainte-therese","status":"publish","type":"page","link":"https:\/\/lesecoleslibresdelaparoissesaintvincent.be\/index.php\/sainte-therese\/","title":{"rendered":"Sainte-Th\u00e9r\u00e8se"},"content":{"rendered":"<p><img decoding=\"async\" class=\" wp-image-33 alignright\" src=\"http:\/\/lesecoleslibresdelaparoissesaintvincent.be\/wp-content\/uploads\/2025\/04\/01D-300x290.png\" alt=\"\" width=\"214\" height=\"207\" srcset=\"https:\/\/lesecoleslibresdelaparoissesaintvincent.be\/wp-content\/uploads\/2025\/04\/01D-300x290.png 300w, https:\/\/lesecoleslibresdelaparoissesaintvincent.be\/wp-content\/uploads\/2025\/04\/01D.png 702w\" sizes=\"(max-width: 214px) 100vw, 214px\" \/><a href=\"https:\/\/lesecoleslibresdelaparoissesaintvincent.be\/index.php\/notre-ecole-sainte-therese\/\">Notre \u00e9cole<\/a><br \/>\n<a href=\"https:\/\/lesecoleslibresdelaparoissesaintvincent.be\/index.php\/galerie-sainte-therese\/\">Galerie<\/a><br \/>\n<a href=\"https:\/\/lesecoleslibresdelaparoissesaintvincent.be\/index.php\/lequipe-pedagogique-sainte-therese\/\">L\u2019\u00e9quipe p\u00e9dagogique<\/a><br \/>\n<a href=\"https:\/\/lesecoleslibresdelaparoissesaintvincent.be\/index.php\/plan-sainte-therese\/\">Plan<\/a><br \/>\n<a href=\"https:\/\/lesecoleslibresdelaparoissesaintvincent.be\/index.php\/organisation-sainte-therese\/\">Organisation de l\u2019\u00e9cole<\/a><br \/>\n<a href=\"https:\/\/lesecoleslibresdelaparoissesaintvincent.be\/index.php\/calendrier-de-lannee-sainte-therese\/\">Calendrier de l\u2019ann\u00e9e<\/a><br \/>\n<a href=\"https:\/\/lesecoleslibresdelaparoissesaintvincent.be\/index.php\/category\/sainte-therese\/\">Le blog<\/a><br \/>\n<a href=\"https:\/\/lesecoleslibresdelaparoissesaintvincent.be\/index.php\/document-a-telecharger-sainte-therese\/\">Documents \u00e0 t\u00e9l\u00e9charger<\/a><\/p>\n<p><img fetchpriority=\"high\" decoding=\"async\" class=\"alignnone wp-image-166 size-full\" src=\"http:\/\/lesecoleslibresdelaparoissesaintvincent.be\/wp-content\/uploads\/2025\/04\/stetherese2.png\" alt=\"\" width=\"1640\" height=\"924\" srcset=\"https:\/\/lesecoleslibresdelaparoissesaintvincent.be\/wp-content\/uploads\/2025\/04\/stetherese2.png 1640w, https:\/\/lesecoleslibresdelaparoissesaintvincent.be\/wp-content\/uploads\/2025\/04\/stetherese2-300x169.png 300w, https:\/\/lesecoleslibresdelaparoissesaintvincent.be\/wp-content\/uploads\/2025\/04\/stetherese2-1024x577.png 1024w, https:\/\/lesecoleslibresdelaparoissesaintvincent.be\/wp-content\/uploads\/2025\/04\/stetherese2-768x433.png 768w, https:\/\/lesecoleslibresdelaparoissesaintvincent.be\/wp-content\/uploads\/2025\/04\/stetherese2-1536x865.png 1536w, https:\/\/lesecoleslibresdelaparoissesaintvincent.be\/wp-content\/uploads\/2025\/04\/stetherese2-1140x642.png 1140w\" sizes=\"(max-width: 1640px) 100vw, 1640px\" \/><\/p>\n","protected":false},"excerpt":{"rendered":"<p>Notre \u00e9cole Galerie L\u2019\u00e9quipe p\u00e9dagogique Plan Organisation de l\u2019\u00e9cole Calendrier de l\u2019ann\u00e9e Le blog Documents \u00e0 t\u00e9l\u00e9charger<\/p>\n","protected":false},"author":1,"featured_media":0,"parent":0,"menu_order":4,"comment_status":"closed","ping_status":"closed","template":"","meta":{"footnotes":""},"class_list":["post-23","page","type-page","status-publish","hentry","nodate","item-wrap"],"_links":{"self":[{"href":"https:\/\/lesecoleslibresdelaparoissesaintvincent.be\/index.php\/wp-json\/wp\/v2\/pages\/23","targetHints":{"allow":["GET"]}}],"collection":[{"href":"https:\/\/lesecoleslibresdelaparoissesaintvincent.be\/index.php\/wp-json\/wp\/v2\/pages"}],"about":[{"href":"https:\/\/lesecoleslibresdelaparoissesaintvincent.be\/index.php\/wp-json\/wp\/v2\/types\/page"}],"author":[{"embeddable":true,"href":"https:\/\/lesecoleslibresdelaparoissesaintvincent.be\/index.php\/wp-json\/wp\/v2\/users\/1"}],"replies":[{"embeddable":true,"href":"https:\/\/lesecoleslibresdelaparoissesaintvincent.be\/index.php\/wp-json\/wp\/v2\/comments?post=23"}],"version-history":[{"count":5,"href":"https:\/\/lesecoleslibresdelaparoissesaintvincent.be\/index.php\/wp-json\/wp\/v2\/pages\/23\/revisions"}],"predecessor-version":[{"id":171,"href":"https:\/\/lesecoleslibresdelaparoissesaintvincent.be\/index.php\/wp-json\/wp\/v2\/pages\/23\/revisions\/171"}],"wp:attachment":[{"href":"https:\/\/lesecoleslibresdelaparoissesaintvincent.be\/index.php\/wp-json\/wp\/v2\/media?parent=23"}],"curies":[{"name":"wp","href":"https:\/\/api.w.org\/{rel}","templated":true}]}}