{"id":24,"date":"2025-04-09T14:13:31","date_gmt":"2025-04-09T12:13:31","guid":{"rendered":"https:\/\/lesecoleslibresdelaparoissesaintvincent.be\/?page_id=24"},"modified":"2025-04-09T20:42:40","modified_gmt":"2025-04-09T18:42:40","slug":"saint-ambroise","status":"publish","type":"page","link":"https:\/\/lesecoleslibresdelaparoissesaintvincent.be\/index.php\/saint-ambroise\/","title":{"rendered":"Saint-Ambroise"},"content":{"rendered":"<p><img decoding=\"async\" class=\" wp-image-48 alignright\" src=\"http:\/\/lesecoleslibresdelaparoissesaintvincent.be\/wp-content\/uploads\/2025\/04\/ambroiselogo-300x300.jpg\" alt=\"\" width=\"200\" height=\"200\" srcset=\"https:\/\/lesecoleslibresdelaparoissesaintvincent.be\/wp-content\/uploads\/2025\/04\/ambroiselogo-300x300.jpg 300w, https:\/\/lesecoleslibresdelaparoissesaintvincent.be\/wp-content\/uploads\/2025\/04\/ambroiselogo-150x150.jpg 150w, https:\/\/lesecoleslibresdelaparoissesaintvincent.be\/wp-content\/uploads\/2025\/04\/ambroiselogo.jpg 474w\" sizes=\"(max-width: 200px) 100vw, 200px\" \/><a href=\"https:\/\/lesecoleslibresdelaparoissesaintvincent.be\/index.php\/notre-ecole-saint-ambroise\/\">Notre \u00e9cole<\/a><br \/>\n<a href=\"https:\/\/lesecoleslibresdelaparoissesaintvincent.be\/index.php\/galerie-saint-ambroise\/\">Galerie<\/a><br \/>\n<a href=\"https:\/\/lesecoleslibresdelaparoissesaintvincent.be\/index.php\/lequipe-pedagogique-saint-ambroise\/\">L\u2019\u00e9quipe p\u00e9dagogique<\/a><br \/>\n<a href=\"https:\/\/lesecoleslibresdelaparoissesaintvincent.be\/index.php\/plan-saint-ambroise\/\">Plan<\/a><br \/>\n<a href=\"https:\/\/lesecoleslibresdelaparoissesaintvincent.be\/index.php\/organisation-saint-ambroise-2\/\">Organisation de l\u2019\u00e9cole<\/a><br \/>\n<a href=\"https:\/\/lesecoleslibresdelaparoissesaintvincent.be\/index.php\/calendrier-de-lannee-saint-ambroise\/\">Calendrier de l\u2019ann\u00e9e<\/a><br \/>\n<a href=\"https:\/\/lesecoleslibresdelaparoissesaintvincent.be\/index.php\/category\/saint-ambroise\/\">Le blog<\/a><br \/>\n<a href=\"https:\/\/lesecoleslibresdelaparoissesaintvincent.be\/index.php\/documents-saint-ambroise\/\">Documents \u00e0 t\u00e9l\u00e9charger<\/a><\/p>\n<p><img fetchpriority=\"high\" decoding=\"async\" class=\"alignnone wp-image-169 size-full\" src=\"http:\/\/lesecoleslibresdelaparoissesaintvincent.be\/wp-content\/uploads\/2025\/04\/ambroise1.jpg\" alt=\"\" width=\"1351\" height=\"540\" srcset=\"https:\/\/lesecoleslibresdelaparoissesaintvincent.be\/wp-content\/uploads\/2025\/04\/ambroise1.jpg 1351w, https:\/\/lesecoleslibresdelaparoissesaintvincent.be\/wp-content\/uploads\/2025\/04\/ambroise1-300x120.jpg 300w, https:\/\/lesecoleslibresdelaparoissesaintvincent.be\/wp-content\/uploads\/2025\/04\/ambroise1-1024x409.jpg 1024w, https:\/\/lesecoleslibresdelaparoissesaintvincent.be\/wp-content\/uploads\/2025\/04\/ambroise1-768x307.jpg 768w, https:\/\/lesecoleslibresdelaparoissesaintvincent.be\/wp-content\/uploads\/2025\/04\/ambroise1-1140x456.jpg 1140w\" sizes=\"(max-width: 1351px) 100vw, 1351px\" \/><\/p>\n","protected":false},"excerpt":{"rendered":"<p>Notre \u00e9cole Galerie L\u2019\u00e9quipe p\u00e9dagogique Plan Organisation de l\u2019\u00e9cole Calendrier de l\u2019ann\u00e9e Le blog Documents \u00e0 t\u00e9l\u00e9charger<\/p>\n","protected":false},"author":1,"featured_media":0,"parent":0,"menu_order":3,"comment_status":"closed","ping_status":"closed","template":"","meta":{"footnotes":""},"class_list":["post-24","page","type-page","status-publish","hentry","nodate","item-wrap"],"_links":{"self":[{"href":"https:\/\/lesecoleslibresdelaparoissesaintvincent.be\/index.php\/wp-json\/wp\/v2\/pages\/24","targetHints":{"allow":["GET"]}}],"collection":[{"href":"https:\/\/lesecoleslibresdelaparoissesaintvincent.be\/index.php\/wp-json\/wp\/v2\/pages"}],"about":[{"href":"https:\/\/lesecoleslibresdelaparoissesaintvincent.be\/index.php\/wp-json\/wp\/v2\/types\/page"}],"author":[{"embeddable":true,"href":"https:\/\/lesecoleslibresdelaparoissesaintvincent.be\/index.php\/wp-json\/wp\/v2\/users\/1"}],"replies":[{"embeddable":true,"href":"https:\/\/lesecoleslibresdelaparoissesaintvincent.be\/index.php\/wp-json\/wp\/v2\/comments?post=24"}],"version-history":[{"count":4,"href":"https:\/\/lesecoleslibresdelaparoissesaintvincent.be\/index.php\/wp-json\/wp\/v2\/pages\/24\/revisions"}],"predecessor-version":[{"id":170,"href":"https:\/\/lesecoleslibresdelaparoissesaintvincent.be\/index.php\/wp-json\/wp\/v2\/pages\/24\/revisions\/170"}],"wp:attachment":[{"href":"https:\/\/lesecoleslibresdelaparoissesaintvincent.be\/index.php\/wp-json\/wp\/v2\/media?parent=24"}],"curies":[{"name":"wp","href":"https:\/\/api.w.org\/{rel}","templated":true}]}}