{"id":83,"date":"2025-04-09T14:47:47","date_gmt":"2025-04-09T12:47:47","guid":{"rendered":"https:\/\/lesecoleslibresdelaparoissesaintvincent.be\/?page_id=83"},"modified":"2025-05-30T09:07:10","modified_gmt":"2025-05-30T07:07:10","slug":"lequipe-pedagogique-notre-dame-de-lourdes","status":"publish","type":"page","link":"https:\/\/lesecoleslibresdelaparoissesaintvincent.be\/index.php\/lequipe-pedagogique-notre-dame-de-lourdes\/","title":{"rendered":"L&rsquo;\u00e9quipe p\u00e9dagogique &#8211; Notre-Dame de Lourdes"},"content":{"rendered":"<p><img fetchpriority=\"high\" decoding=\"async\" class=\"wp-image-181 alignright\" src=\"http:\/\/lesecoleslibresdelaparoissesaintvincent.be\/wp-content\/uploads\/2025\/04\/462554555_860305992891163_8078444755929787590_n-300x225.jpg\" alt=\"\" width=\"369\" height=\"277\" srcset=\"https:\/\/lesecoleslibresdelaparoissesaintvincent.be\/wp-content\/uploads\/2025\/04\/462554555_860305992891163_8078444755929787590_n-300x225.jpg 300w, https:\/\/lesecoleslibresdelaparoissesaintvincent.be\/wp-content\/uploads\/2025\/04\/462554555_860305992891163_8078444755929787590_n-1024x768.jpg 1024w, https:\/\/lesecoleslibresdelaparoissesaintvincent.be\/wp-content\/uploads\/2025\/04\/462554555_860305992891163_8078444755929787590_n-768x576.jpg 768w, https:\/\/lesecoleslibresdelaparoissesaintvincent.be\/wp-content\/uploads\/2025\/04\/462554555_860305992891163_8078444755929787590_n-1536x1152.jpg 1536w, https:\/\/lesecoleslibresdelaparoissesaintvincent.be\/wp-content\/uploads\/2025\/04\/462554555_860305992891163_8078444755929787590_n-1140x855.jpg 1140w, https:\/\/lesecoleslibresdelaparoissesaintvincent.be\/wp-content\/uploads\/2025\/04\/462554555_860305992891163_8078444755929787590_n.jpg 2048w\" sizes=\"(max-width: 369px) 100vw, 369px\" \/><\/p>\n<p>Voici les enseignants de l&rsquo;\u00e9quipe du cycle 2 :<br \/>\nMme Simonis et Mme Legrand sur la gauche ,<br \/>\nenseigantes en 2\u00e8me primaire<br \/>\nMr. Laurent et Mme Ma\u00eblys ,<br \/>\nenseignants en 1\u00e8re primaire<\/p>\n","protected":false},"excerpt":{"rendered":"<p>Voici les enseignants de l&rsquo;\u00e9quipe du cycle 2 : Mme Simonis et Mme Legrand sur la gauche , enseigantes en 2\u00e8me primaire Mr. Laurent et Mme Ma\u00eblys , enseignants en 1\u00e8re primaire<\/p>\n","protected":false},"author":1,"featured_media":0,"parent":0,"menu_order":0,"comment_status":"closed","ping_status":"closed","template":"","meta":{"footnotes":""},"class_list":["post-83","page","type-page","status-publish","hentry","nodate","item-wrap"],"_links":{"self":[{"href":"https:\/\/lesecoleslibresdelaparoissesaintvincent.be\/index.php\/wp-json\/wp\/v2\/pages\/83","targetHints":{"allow":["GET"]}}],"collection":[{"href":"https:\/\/lesecoleslibresdelaparoissesaintvincent.be\/index.php\/wp-json\/wp\/v2\/pages"}],"about":[{"href":"https:\/\/lesecoleslibresdelaparoissesaintvincent.be\/index.php\/wp-json\/wp\/v2\/types\/page"}],"author":[{"embeddable":true,"href":"https:\/\/lesecoleslibresdelaparoissesaintvincent.be\/index.php\/wp-json\/wp\/v2\/users\/1"}],"replies":[{"embeddable":true,"href":"https:\/\/lesecoleslibresdelaparoissesaintvincent.be\/index.php\/wp-json\/wp\/v2\/comments?post=83"}],"version-history":[{"count":7,"href":"https:\/\/lesecoleslibresdelaparoissesaintvincent.be\/index.php\/wp-json\/wp\/v2\/pages\/83\/revisions"}],"predecessor-version":[{"id":182,"href":"https:\/\/lesecoleslibresdelaparoissesaintvincent.be\/index.php\/wp-json\/wp\/v2\/pages\/83\/revisions\/182"}],"wp:attachment":[{"href":"https:\/\/lesecoleslibresdelaparoissesaintvincent.be\/index.php\/wp-json\/wp\/v2\/media?parent=83"}],"curies":[{"name":"wp","href":"https:\/\/api.w.org\/{rel}","templated":true}]}}