{"id":93,"date":"2025-04-09T14:52:50","date_gmt":"2025-04-09T12:52:50","guid":{"rendered":"https:\/\/lesecoleslibresdelaparoissesaintvincent.be\/?page_id=93"},"modified":"2025-04-09T20:44:46","modified_gmt":"2025-04-09T18:44:46","slug":"notre-ecole-sainte-therese","status":"publish","type":"page","link":"https:\/\/lesecoleslibresdelaparoissesaintvincent.be\/index.php\/notre-ecole-sainte-therese\/","title":{"rendered":"Notre \u00e9cole &#8211; Sainte-Th\u00e9r\u00e8se"},"content":{"rendered":"<p><img fetchpriority=\"high\" decoding=\"async\" class=\"alignnone wp-image-163 size-full\" src=\"http:\/\/lesecoleslibresdelaparoissesaintvincent.be\/wp-content\/uploads\/2025\/04\/stetherese.jpg\" alt=\"\" width=\"1414\" height=\"2000\" srcset=\"https:\/\/lesecoleslibresdelaparoissesaintvincent.be\/wp-content\/uploads\/2025\/04\/stetherese.jpg 1414w, https:\/\/lesecoleslibresdelaparoissesaintvincent.be\/wp-content\/uploads\/2025\/04\/stetherese-212x300.jpg 212w, https:\/\/lesecoleslibresdelaparoissesaintvincent.be\/wp-content\/uploads\/2025\/04\/stetherese-724x1024.jpg 724w, https:\/\/lesecoleslibresdelaparoissesaintvincent.be\/wp-content\/uploads\/2025\/04\/stetherese-768x1086.jpg 768w, https:\/\/lesecoleslibresdelaparoissesaintvincent.be\/wp-content\/uploads\/2025\/04\/stetherese-1086x1536.jpg 1086w, https:\/\/lesecoleslibresdelaparoissesaintvincent.be\/wp-content\/uploads\/2025\/04\/stetherese-1140x1612.jpg 1140w\" sizes=\"(max-width: 1414px) 100vw, 1414px\" \/><\/p>\n","protected":false},"excerpt":{"rendered":"","protected":false},"author":1,"featured_media":0,"parent":0,"menu_order":0,"comment_status":"closed","ping_status":"closed","template":"","meta":{"footnotes":""},"class_list":["post-93","page","type-page","status-publish","hentry","nodate","item-wrap"],"_links":{"self":[{"href":"https:\/\/lesecoleslibresdelaparoissesaintvincent.be\/index.php\/wp-json\/wp\/v2\/pages\/93","targetHints":{"allow":["GET"]}}],"collection":[{"href":"https:\/\/lesecoleslibresdelaparoissesaintvincent.be\/index.php\/wp-json\/wp\/v2\/pages"}],"about":[{"href":"https:\/\/lesecoleslibresdelaparoissesaintvincent.be\/index.php\/wp-json\/wp\/v2\/types\/page"}],"author":[{"embeddable":true,"href":"https:\/\/lesecoleslibresdelaparoissesaintvincent.be\/index.php\/wp-json\/wp\/v2\/users\/1"}],"replies":[{"embeddable":true,"href":"https:\/\/lesecoleslibresdelaparoissesaintvincent.be\/index.php\/wp-json\/wp\/v2\/comments?post=93"}],"version-history":[{"count":4,"href":"https:\/\/lesecoleslibresdelaparoissesaintvincent.be\/index.php\/wp-json\/wp\/v2\/pages\/93\/revisions"}],"predecessor-version":[{"id":172,"href":"https:\/\/lesecoleslibresdelaparoissesaintvincent.be\/index.php\/wp-json\/wp\/v2\/pages\/93\/revisions\/172"}],"wp:attachment":[{"href":"https:\/\/lesecoleslibresdelaparoissesaintvincent.be\/index.php\/wp-json\/wp\/v2\/media?parent=93"}],"curies":[{"name":"wp","href":"https:\/\/api.w.org\/{rel}","templated":true}]}}